{"id":194,"date":"2020-09-24T11:27:46","date_gmt":"2020-09-24T11:27:46","guid":{"rendered":"https:\/\/proteo.yithemes.com\/food\/?page_id=194"},"modified":"2026-01-18T00:04:12","modified_gmt":"2026-01-18T00:04:12","slug":"sobre-nos","status":"publish","type":"page","link":"https:\/\/deltaromeu.com.br\/portal\/index.php\/sobre-nos\/","title":{"rendered":"Sobre n\u00f3s"},"content":{"rendered":"\n<h2 class=\"wp-block-heading has-text-align-center has-text-color\" style=\"color:#709422\">Nossa efici\u00eancia \u00e9 o nosso diferencial<\/h2>\n\n\n\n<div style=\"height:80px\" aria-hidden=\"true\" class=\"wp-block-spacer\"><\/div>\n\n\n\n<div class=\"wp-block-media-text alignwide is-stacked-on-mobile animate-zoom-in\" style=\"grid-template-columns:35% auto\"><figure class=\"wp-block-media-text__media\"><img loading=\"lazy\" decoding=\"async\" width=\"683\" height=\"1024\" src=\"https:\/\/deltaromeu.com.br\/portal\/wp-content\/uploads\/2026\/01\/sobre_nos-683x1024.png\" alt=\"\" class=\"wp-image-464 size-full\" srcset=\"https:\/\/deltaromeu.com.br\/portal\/wp-content\/uploads\/2026\/01\/sobre_nos-683x1024.png 683w, https:\/\/deltaromeu.com.br\/portal\/wp-content\/uploads\/2026\/01\/sobre_nos-200x300.png 200w, https:\/\/deltaromeu.com.br\/portal\/wp-content\/uploads\/2026\/01\/sobre_nos-768x1152.png 768w, https:\/\/deltaromeu.com.br\/portal\/wp-content\/uploads\/2026\/01\/sobre_nos.png 1024w\" sizes=\"auto, (max-width: 683px) 100vw, 683px\" \/><\/figure><div class=\"wp-block-media-text__content\">\n<p>A Delta Romeu despachantes nasceu quando seu fundador Francisco Batista Ferreira, instrutor e examinador de ultraleves, piloto privado de avi\u00e3o, professor de aulas te\u00f3ricas para avia\u00e7\u00e3o aerodesportiva, mais conhecido como Ferreira, come\u00e7ou a ajudar seus alunos e amigos na presta\u00e7\u00e3o de servi\u00e7os de despachante na avia\u00e7\u00e3o civil junto \u00e0 ANAC e ANATEL.<\/p>\n\n\n\n<p>Sua preocupa\u00e7\u00e3o com organiza\u00e7\u00e3o, efici\u00eancia, responsabilidade e o pronto atendimento com os servi\u00e7os prestados o tornou conhecido no ramo.<\/p>\n\n\n\n<p>Prestando um atendimento diferenciado, personalizado e com a experi\u00eancia adquirida ao longo do tempo resolveu criar a Delta Romeu Despachantes e ampliar seus neg\u00f3cios.<\/p>\n<\/div><\/div>\n\n\n\n<div style=\"height:100px\" aria-hidden=\"true\" class=\"wp-block-spacer\"><\/div>\n\n\n\n\n\n<p><\/p>\n","protected":false},"excerpt":{"rendered":"<p>Nossa efici\u00eancia \u00e9 o nosso diferencial A Delta Romeu despachantes nasceu quando seu fundador Francisco Batista Ferreira, instrutor e examinador de ultraleves, piloto privado de avi\u00e3o, professor de aulas te\u00f3ricas para avia\u00e7\u00e3o aerodesportiva, mais conhecido como Ferreira, come\u00e7ou a ajudar seus alunos e amigos na presta\u00e7\u00e3o de servi\u00e7os de despachante na avia\u00e7\u00e3o civil junto \u00e0<a class=\"more-link\" href=\"https:\/\/deltaromeu.com.br\/portal\/index.php\/sobre-nos\/\">Read more  &#10230;<\/a><\/p>\n","protected":false},"author":1,"featured_media":0,"parent":0,"menu_order":0,"comment_status":"closed","ping_status":"closed","template":"","meta":{"_editorskit_title_hidden":false,"_editorskit_reading_time":1,"_editorskit_is_block_options_detached":false,"_editorskit_block_options_position":"{}","inline_featured_image":false,"footnotes":""},"class_list":["post-194","page","type-page","status-publish","hentry"],"_links":{"self":[{"href":"https:\/\/deltaromeu.com.br\/portal\/index.php\/wp-json\/wp\/v2\/pages\/194","targetHints":{"allow":["GET"]}}],"collection":[{"href":"https:\/\/deltaromeu.com.br\/portal\/index.php\/wp-json\/wp\/v2\/pages"}],"about":[{"href":"https:\/\/deltaromeu.com.br\/portal\/index.php\/wp-json\/wp\/v2\/types\/page"}],"author":[{"embeddable":true,"href":"https:\/\/deltaromeu.com.br\/portal\/index.php\/wp-json\/wp\/v2\/users\/1"}],"replies":[{"embeddable":true,"href":"https:\/\/deltaromeu.com.br\/portal\/index.php\/wp-json\/wp\/v2\/comments?post=194"}],"version-history":[{"count":2,"href":"https:\/\/deltaromeu.com.br\/portal\/index.php\/wp-json\/wp\/v2\/pages\/194\/revisions"}],"predecessor-version":[{"id":465,"href":"https:\/\/deltaromeu.com.br\/portal\/index.php\/wp-json\/wp\/v2\/pages\/194\/revisions\/465"}],"wp:attachment":[{"href":"https:\/\/deltaromeu.com.br\/portal\/index.php\/wp-json\/wp\/v2\/media?parent=194"}],"curies":[{"name":"wp","href":"https:\/\/api.w.org\/{rel}","templated":true}]}}